{"id":29,"date":"2024-09-12T22:03:37","date_gmt":"2024-09-12T22:03:37","guid":{"rendered":"https:\/\/xn--zrich-kva.news\/?page_id=29"},"modified":"2024-09-14T22:10:12","modified_gmt":"2024-09-14T22:10:12","slug":"no-title","status":"publish","type":"page","link":"https:\/\/xn--zrich-kva.news\/index.php\/no-title\/","title":{"rendered":"talk ai"},"content":{"rendered":"\n<p>In Z\u00fcrich gibt es stets spannende neue Trends und Aktivit\u00e4ten zu entdecken. Hier sind einige der aktuellen Trends, die man in der Stadt genie\u00dfen kann:<\/p>\n\n\n\n<ol class=\"wp-block-list\">\n<li><em>Kreative Gastronomie<\/em>: Z\u00fcrich hat eine florierende Food-Szene mit neuen Restaurants, die innovative Konzepte und internationale K\u00fcchen anbieten. Street Food M\u00e4rkte und Pop-up-Restaurants sind ebenfalls sehr beliebt.<\/li>\n\n\n\n<li><em>Nachhaltigkeit und Slow Fashion<\/em>: Immer mehr Gesch\u00e4fte und Marken legen Wert auf nachhaltige Produkte. In Z\u00fcrich gibt es zahlreiche Shops, die ethisch produzierte Mode und Produkte anbieten.<\/li>\n\n\n\n<li><em>Kunst und Kultur<\/em>: Die Kunstszene in Z\u00fcrich boomt mit vielen neuen Galerien und Ausstellungen. Das Z\u00fcrcher Kunsthaus und kleinere Galerien bieten oft aktuelle und spannende Ausstellungen.<\/li>\n\n\n\n<li><em>Urban Gardening und Begr\u00fcnung<\/em>: Viele Z\u00fcrcher Stadtteile experimentieren mit Urban Gardening. Gemeinschaftsg\u00e4rten und begr\u00fcnte D\u00e4cher sind im Trend und bieten Raum f\u00fcr lokale Gemeinschaften.<\/li>\n\n\n\n<li><em>Sportliche Aktivit\u00e4ten im Freien<\/em>: Outdoor-Sportarten wie Mountainbiking, Wandern und Yoga im Freien erfreuen sich wachsender Beliebtheit, insbesondere in der N\u00e4he des Z\u00fcrichsees und in den umliegenden Bergen.<\/li>\n\n\n\n<li><em>Technologie und digitale Innovation<\/em>: Z\u00fcrich ist ein Zentrum f\u00fcr Fintech und digitale Start-ups. Events und Messen zu diesen Themen ziehen viele Interessierte an.<\/li>\n\n\n\n<li><em>Wellness und Achtsamkeit<\/em>: Bewegung und Wellness, einschlie\u00dflich Yoga, Meditationszentren und Wellness-Retreats, sind im Trend, da immer mehr Menschen nach Wegen suchen, Stress abzubauen und sich zu entspannen.<\/li>\n\n\n\n<li><em>Events und Festivals<\/em>: Die Stadt veranstaltet eine Vielzahl von Festivals und Veranstaltungen, darunter Musikfestivals, Filmfestivals und Marktveranstaltungen, die die lokale Kultur und die Gemeinschaft f\u00f6rdern.<\/li>\n<\/ol>\n\n\n\n<p>Es lohnt sich, regelm\u00e4\u00dfig die Veranstaltungskalender und lokalen Nachrichten zu konsultieren, um \u00fcber das Neueste in dieser lebendigen Stadt informiert zu bleiben.<\/p>\n","protected":false},"excerpt":{"rendered":"<p>In Z\u00fcrich gibt es stets spannende neue Trends und Aktivit\u00e4ten zu entdecken. Hier sind einige der aktuellen Trends, die man in der Stadt genie\u00dfen kann: Es lohnt sich, regelm\u00e4\u00dfig die Veranstaltungskalender und lokalen Nachrichten zu konsultieren, um \u00fcber das Neueste in dieser lebendigen Stadt informiert zu bleiben.<\/p>\n","protected":false},"author":1,"featured_media":0,"parent":0,"menu_order":0,"comment_status":"closed","ping_status":"closed","template":"","meta":{"_uag_custom_page_level_css":"","_swt_meta_header_display":false,"_swt_meta_footer_display":false,"_swt_meta_site_title_display":false,"_swt_meta_sticky_header":false,"_swt_meta_transparent_header":false,"footnotes":""},"class_list":["post-29","page","type-page","status-publish","hentry"],"uagb_featured_image_src":{"full":false,"thumbnail":false,"medium":false,"medium_large":false,"large":false,"1536x1536":false,"2048x2048":false},"uagb_author_info":{"display_name":"heldner","author_link":"https:\/\/xn--zrich-kva.news\/index.php\/author\/heldner\/"},"uagb_comment_info":0,"uagb_excerpt":"In Z\u00fcrich gibt es stets spannende neue Trends und Aktivit\u00e4ten zu entdecken. Hier sind einige der aktuellen Trends, die man in der Stadt genie\u00dfen kann: Es lohnt sich, regelm\u00e4\u00dfig die Veranstaltungskalender und lokalen Nachrichten zu konsultieren, um \u00fcber das Neueste in dieser lebendigen Stadt informiert zu bleiben.","_links":{"self":[{"href":"https:\/\/xn--zrich-kva.news\/index.php\/wp-json\/wp\/v2\/pages\/29","targetHints":{"allow":["GET"]}}],"collection":[{"href":"https:\/\/xn--zrich-kva.news\/index.php\/wp-json\/wp\/v2\/pages"}],"about":[{"href":"https:\/\/xn--zrich-kva.news\/index.php\/wp-json\/wp\/v2\/types\/page"}],"author":[{"embeddable":true,"href":"https:\/\/xn--zrich-kva.news\/index.php\/wp-json\/wp\/v2\/users\/1"}],"replies":[{"embeddable":true,"href":"https:\/\/xn--zrich-kva.news\/index.php\/wp-json\/wp\/v2\/comments?post=29"}],"version-history":[{"count":2,"href":"https:\/\/xn--zrich-kva.news\/index.php\/wp-json\/wp\/v2\/pages\/29\/revisions"}],"predecessor-version":[{"id":80,"href":"https:\/\/xn--zrich-kva.news\/index.php\/wp-json\/wp\/v2\/pages\/29\/revisions\/80"}],"wp:attachment":[{"href":"https:\/\/xn--zrich-kva.news\/index.php\/wp-json\/wp\/v2\/media?parent=29"}],"curies":[{"name":"wp","href":"https:\/\/api.w.org\/{rel}","templated":true}]}}